
{"id":35,"date":"2022-06-08T03:46:23","date_gmt":"2022-06-08T06:46:23","guid":{"rendered":"http:\/\/pmcf.local\/?page_id=35"},"modified":"2024-11-29T11:50:55","modified_gmt":"2024-11-29T14:50:55","slug":"prefeito","status":"publish","type":"page","link":"http:\/\/campoformoso.ba.gov.br\/site\/prefeito\/","title":{"rendered":"Prefeito"},"content":{"rendered":"\n<p>Elmo Aluizio Vieira Nascimento<\/p>\n\n\n\n<p>Filho de Jos\u00e9 Alu\u00edzio e Maria Anita, Elmo Alu\u00edzio Vieira do Nascimento nasceu em 1977, na cidade de Campo Formoso. \u00c9 casado com Magda Cristina desde 1996, uni\u00e3o que rendeu frutos e da qual nasceram os filhos Ryan e Caio. Elmo \u00e9 irm\u00e3o do atual deputado federal Elmar Nascimento e ingressou na pol\u00edtica movido pela vontade de contribuir com o avan\u00e7o do munic\u00edpio em que nasceu, cresceu e pelo qual nutre afeto inestim\u00e1vel.<\/p>\n\n\n\n<p>Formado em Ci\u00eancias Cont\u00e1beis pela Universidade Cat\u00f3lica de Salvador, Elmo voltou \u00e0 Campo Formoso e se dedicou aos neg\u00f3cios. Sentindo pulsar o desejo de colaborar com o desenvolvimento do lugar, em 2008, candidatou-se e foi eleito vereador. Quatro anos mais tarde, assumiu a C\u00e2mara Municipal, posto que precisou abdicar quando foi incumbido da gest\u00e3o interina do munic\u00edpio, onde permaneceu por um ano e cinco meses no cargo de prefeito.<\/p>\n\n\n\n<p>Desse momento em diante, Elmo reconheceu a sua voca\u00e7\u00e3o e n\u00e3o saiu mais da cena pol\u00edtica. Concorreu \u00e0 disputa para a prefeitura em 2016 e por apenas 4% dos votos n\u00e3o foi eleito. A diferen\u00e7a nos n\u00fameros mostrava o in\u00edcio de uma transforma\u00e7\u00e3o no cen\u00e1rio pol\u00edtico municipal, que se concretizaria nas urnas em 2020. Durante esse intervalo, Elmo atuou como Superintendente Regional da Companhia de Desenvolvimento do Vale do S\u00e3o Francisco e do Parna\u00edba, a Codevasf, e de l\u00e1 saiu para mudar a hist\u00f3ria de Campo Formoso.<\/p>\n\n\n\n<p>Nas \u00faltimas elei\u00e7\u00f5es municipais foi eleito prefeito com a confian\u00e7a de 22.519 cidad\u00e3os campo-formosenses. Comprometido com o crescimento e bem-estar social da popula\u00e7\u00e3o de Campo Formoso, Elmo n\u00e3o se abst\u00e9m de seguir fundamentado nos princ\u00edpios \u00e9ticos e morais que trilhou a vida inteira e o tornaram presen\u00e7a \u00edntegra e honrada no meio pol\u00edtico. Nesta jornada, tem ao seu lado a figura de Jaci Muniz ocupando o cargo de vice-prefeito.<\/p>\n","protected":false},"excerpt":{"rendered":"<p>Elmo Aluizio Vieira Nascimento Filho de Jos\u00e9 Alu\u00edzio e Maria Anita, Elmo Alu\u00edzio Vieira do Nascimento nasceu em 1977, na cidade de Campo Formoso. \u00c9 casado com Magda Cristina desde 1996, uni\u00e3o que rendeu frutos e da qual nasceram os filhos Ryan e Caio. Elmo \u00e9 irm\u00e3o do atual deputado federal Elmar Nascimento e ingressou [&hellip;]<\/p>\n","protected":false},"author":1,"featured_media":0,"parent":0,"menu_order":0,"comment_status":"closed","ping_status":"closed","template":"","meta":{"_acf_changed":false,"cybocfi_hide_featured_image":"","footnotes":""},"class_list":["post-35","page","type-page","status-publish","hentry"],"acf":[],"yoast_head":"<!-- This site is optimized with the Yoast SEO plugin v25.2 - https:\/\/yoast.com\/wordpress\/plugins\/seo\/ -->\n<title>Prefeito - Prefeitura de Campo Formoso - Ba<\/title>\n<meta name=\"robots\" content=\"index, follow, max-snippet:-1, max-image-preview:large, max-video-preview:-1\" \/>\n<link rel=\"canonical\" href=\"http:\/\/campoformoso.ba.gov.br\/site\/prefeito\/\" \/>\n<meta property=\"og:locale\" content=\"pt_BR\" \/>\n<meta property=\"og:type\" content=\"article\" \/>\n<meta property=\"og:title\" content=\"Prefeito - Prefeitura de Campo Formoso - Ba\" \/>\n<meta property=\"og:description\" content=\"Elmo Aluizio Vieira Nascimento Filho de Jos\u00e9 Alu\u00edzio e Maria Anita, Elmo Alu\u00edzio Vieira do Nascimento nasceu em 1977, na cidade de Campo Formoso. \u00c9 casado com Magda Cristina desde 1996, uni\u00e3o que rendeu frutos e da qual nasceram os filhos Ryan e Caio. Elmo \u00e9 irm\u00e3o do atual deputado federal Elmar Nascimento e ingressou [&hellip;]\" \/>\n<meta property=\"og:url\" content=\"http:\/\/campoformoso.ba.gov.br\/site\/prefeito\/\" \/>\n<meta property=\"og:site_name\" content=\"Prefeitura de Campo Formoso - Ba\" \/>\n<meta property=\"article:publisher\" content=\"https:\/\/www.facebook.com\/prefcampoformoso\" \/>\n<meta property=\"article:modified_time\" content=\"2024-11-29T14:50:55+00:00\" \/>\n<meta name=\"twitter:card\" content=\"summary_large_image\" \/>\n<meta name=\"twitter:site\" content=\"@campoformosoba\" \/>\n<meta name=\"twitter:label1\" content=\"Est. tempo de leitura\" \/>\n\t<meta name=\"twitter:data1\" content=\"2 minutos\" \/>\n<script type=\"application\/ld+json\" class=\"yoast-schema-graph\">{\"@context\":\"https:\/\/schema.org\",\"@graph\":[{\"@type\":\"WebPage\",\"@id\":\"http:\/\/campoformoso.ba.gov.br\/site\/prefeito\/\",\"url\":\"http:\/\/campoformoso.ba.gov.br\/site\/prefeito\/\",\"name\":\"Prefeito - Prefeitura de Campo Formoso - Ba\",\"isPartOf\":{\"@id\":\"http:\/\/campoformoso.ba.gov.br\/site\/#website\"},\"datePublished\":\"2022-06-08T06:46:23+00:00\",\"dateModified\":\"2024-11-29T14:50:55+00:00\",\"breadcrumb\":{\"@id\":\"http:\/\/campoformoso.ba.gov.br\/site\/prefeito\/#breadcrumb\"},\"inLanguage\":\"pt-BR\",\"potentialAction\":[{\"@type\":\"ReadAction\",\"target\":[\"http:\/\/campoformoso.ba.gov.br\/site\/prefeito\/\"]}]},{\"@type\":\"BreadcrumbList\",\"@id\":\"http:\/\/campoformoso.ba.gov.br\/site\/prefeito\/#breadcrumb\",\"itemListElement\":[{\"@type\":\"ListItem\",\"position\":1,\"name\":\"In\u00edcio\",\"item\":\"http:\/\/campoformoso.ba.gov.br\/site\/\"},{\"@type\":\"ListItem\",\"position\":2,\"name\":\"Prefeito\"}]},{\"@type\":\"WebSite\",\"@id\":\"http:\/\/campoformoso.ba.gov.br\/site\/#website\",\"url\":\"http:\/\/campoformoso.ba.gov.br\/site\/\",\"name\":\"Prefeitura de Campo Formoso - Ba\",\"description\":\"Seja bem vindo ao portal da Prefeitura de Campo Formoso - Ba. Acompanhe a nova hist\u00f3ria da cidade das esmeraldas!\",\"publisher\":{\"@id\":\"http:\/\/campoformoso.ba.gov.br\/site\/#organization\"},\"potentialAction\":[{\"@type\":\"SearchAction\",\"target\":{\"@type\":\"EntryPoint\",\"urlTemplate\":\"http:\/\/campoformoso.ba.gov.br\/site\/?s={search_term_string}\"},\"query-input\":{\"@type\":\"PropertyValueSpecification\",\"valueRequired\":true,\"valueName\":\"search_term_string\"}}],\"inLanguage\":\"pt-BR\"},{\"@type\":\"Organization\",\"@id\":\"http:\/\/campoformoso.ba.gov.br\/site\/#organization\",\"name\":\"Prefeitura de Campo Formoso\",\"url\":\"http:\/\/campoformoso.ba.gov.br\/site\/\",\"logo\":{\"@type\":\"ImageObject\",\"inLanguage\":\"pt-BR\",\"@id\":\"http:\/\/campoformoso.ba.gov.br\/site\/#\/schema\/logo\/image\/\",\"url\":\"http:\/\/pmcf.local\/wp-content\/uploads\/2022\/08\/favicon.png\",\"contentUrl\":\"http:\/\/pmcf.local\/wp-content\/uploads\/2022\/08\/favicon.png\",\"width\":273,\"height\":335,\"caption\":\"Prefeitura de Campo Formoso\"},\"image\":{\"@id\":\"http:\/\/campoformoso.ba.gov.br\/site\/#\/schema\/logo\/image\/\"},\"sameAs\":[\"https:\/\/www.facebook.com\/prefcampoformoso\",\"https:\/\/x.com\/campoformosoba\",\"https:\/\/www.instagram.com\/\",\"https:\/\/www.youtube.com\/c\/PrefeituradeCampoFormosoBA\"]}]}<\/script>\n<!-- \/ Yoast SEO plugin. -->","yoast_head_json":{"title":"Prefeito - Prefeitura de Campo Formoso - Ba","robots":{"index":"index","follow":"follow","max-snippet":"max-snippet:-1","max-image-preview":"max-image-preview:large","max-video-preview":"max-video-preview:-1"},"canonical":"http:\/\/campoformoso.ba.gov.br\/site\/prefeito\/","og_locale":"pt_BR","og_type":"article","og_title":"Prefeito - Prefeitura de Campo Formoso - Ba","og_description":"Elmo Aluizio Vieira Nascimento Filho de Jos\u00e9 Alu\u00edzio e Maria Anita, Elmo Alu\u00edzio Vieira do Nascimento nasceu em 1977, na cidade de Campo Formoso. \u00c9 casado com Magda Cristina desde 1996, uni\u00e3o que rendeu frutos e da qual nasceram os filhos Ryan e Caio. Elmo \u00e9 irm\u00e3o do atual deputado federal Elmar Nascimento e ingressou [&hellip;]","og_url":"http:\/\/campoformoso.ba.gov.br\/site\/prefeito\/","og_site_name":"Prefeitura de Campo Formoso - Ba","article_publisher":"https:\/\/www.facebook.com\/prefcampoformoso","article_modified_time":"2024-11-29T14:50:55+00:00","twitter_card":"summary_large_image","twitter_site":"@campoformosoba","twitter_misc":{"Est. tempo de leitura":"2 minutos"},"schema":{"@context":"https:\/\/schema.org","@graph":[{"@type":"WebPage","@id":"http:\/\/campoformoso.ba.gov.br\/site\/prefeito\/","url":"http:\/\/campoformoso.ba.gov.br\/site\/prefeito\/","name":"Prefeito - Prefeitura de Campo Formoso - Ba","isPartOf":{"@id":"http:\/\/campoformoso.ba.gov.br\/site\/#website"},"datePublished":"2022-06-08T06:46:23+00:00","dateModified":"2024-11-29T14:50:55+00:00","breadcrumb":{"@id":"http:\/\/campoformoso.ba.gov.br\/site\/prefeito\/#breadcrumb"},"inLanguage":"pt-BR","potentialAction":[{"@type":"ReadAction","target":["http:\/\/campoformoso.ba.gov.br\/site\/prefeito\/"]}]},{"@type":"BreadcrumbList","@id":"http:\/\/campoformoso.ba.gov.br\/site\/prefeito\/#breadcrumb","itemListElement":[{"@type":"ListItem","position":1,"name":"In\u00edcio","item":"http:\/\/campoformoso.ba.gov.br\/site\/"},{"@type":"ListItem","position":2,"name":"Prefeito"}]},{"@type":"WebSite","@id":"http:\/\/campoformoso.ba.gov.br\/site\/#website","url":"http:\/\/campoformoso.ba.gov.br\/site\/","name":"Prefeitura de Campo Formoso - Ba","description":"Seja bem vindo ao portal da Prefeitura de Campo Formoso - Ba. Acompanhe a nova hist\u00f3ria da cidade das esmeraldas!","publisher":{"@id":"http:\/\/campoformoso.ba.gov.br\/site\/#organization"},"potentialAction":[{"@type":"SearchAction","target":{"@type":"EntryPoint","urlTemplate":"http:\/\/campoformoso.ba.gov.br\/site\/?s={search_term_string}"},"query-input":{"@type":"PropertyValueSpecification","valueRequired":true,"valueName":"search_term_string"}}],"inLanguage":"pt-BR"},{"@type":"Organization","@id":"http:\/\/campoformoso.ba.gov.br\/site\/#organization","name":"Prefeitura de Campo Formoso","url":"http:\/\/campoformoso.ba.gov.br\/site\/","logo":{"@type":"ImageObject","inLanguage":"pt-BR","@id":"http:\/\/campoformoso.ba.gov.br\/site\/#\/schema\/logo\/image\/","url":"http:\/\/pmcf.local\/wp-content\/uploads\/2022\/08\/favicon.png","contentUrl":"http:\/\/pmcf.local\/wp-content\/uploads\/2022\/08\/favicon.png","width":273,"height":335,"caption":"Prefeitura de Campo Formoso"},"image":{"@id":"http:\/\/campoformoso.ba.gov.br\/site\/#\/schema\/logo\/image\/"},"sameAs":["https:\/\/www.facebook.com\/prefcampoformoso","https:\/\/x.com\/campoformosoba","https:\/\/www.instagram.com\/","https:\/\/www.youtube.com\/c\/PrefeituradeCampoFormosoBA"]}]}},"_links":{"self":[{"href":"http:\/\/campoformoso.ba.gov.br\/site\/wp-json\/wp\/v2\/pages\/35","targetHints":{"allow":["GET"]}}],"collection":[{"href":"http:\/\/campoformoso.ba.gov.br\/site\/wp-json\/wp\/v2\/pages"}],"about":[{"href":"http:\/\/campoformoso.ba.gov.br\/site\/wp-json\/wp\/v2\/types\/page"}],"author":[{"embeddable":true,"href":"http:\/\/campoformoso.ba.gov.br\/site\/wp-json\/wp\/v2\/users\/1"}],"replies":[{"embeddable":true,"href":"http:\/\/campoformoso.ba.gov.br\/site\/wp-json\/wp\/v2\/comments?post=35"}],"version-history":[{"count":1,"href":"http:\/\/campoformoso.ba.gov.br\/site\/wp-json\/wp\/v2\/pages\/35\/revisions"}],"predecessor-version":[{"id":36,"href":"http:\/\/campoformoso.ba.gov.br\/site\/wp-json\/wp\/v2\/pages\/35\/revisions\/36"}],"wp:attachment":[{"href":"http:\/\/campoformoso.ba.gov.br\/site\/wp-json\/wp\/v2\/media?parent=35"}],"curies":[{"name":"wp","href":"https:\/\/api.w.org\/{rel}","templated":true}]}}