
{"id":4596,"date":"2024-05-15T16:55:09","date_gmt":"2024-05-15T19:55:09","guid":{"rendered":"http:\/\/campoformoso.ba.gov.br\/site\/?page_id=4596"},"modified":"2024-05-15T17:16:10","modified_gmt":"2024-05-15T20:16:10","slug":"saude","status":"publish","type":"page","link":"http:\/\/campoformoso.ba.gov.br\/site\/transparencia\/saude\/","title":{"rendered":"Sa\u00fade"},"content":{"rendered":"\n<p>Plano Anual de Sa\u00fade<\/p>\n\n\n\n<div class=\"wp-block-file\"><a id=\"wp-block-file--media-d45b97ce-d23a-44a5-af77-30426730348b\" href=\"http:\/\/campoformoso.ba.gov.br\/site\/wp-content\/uploads\/2024\/05\/18.1-PAS-2024-CAMPO-FORMOSO-3.pdf\">18.1 &#8211; PAS 2024 CAMPO FORMOSO 3<\/a><a href=\"http:\/\/campoformoso.ba.gov.br\/site\/wp-content\/uploads\/2024\/05\/18.1-PAS-2024-CAMPO-FORMOSO-3.pdf\" class=\"wp-block-file__button wp-element-button\" download aria-describedby=\"wp-block-file--media-d45b97ce-d23a-44a5-af77-30426730348b\">Baixar<\/a><\/div>\n\n\n\n<div class=\"wp-block-file\"><a id=\"wp-block-file--media-a9ac90b4-977e-42c4-98e2-74a7cd53eb34\" href=\"http:\/\/campoformoso.ba.gov.br\/site\/wp-content\/uploads\/2024\/05\/18.1-PAS-2023-CAMPO-FORMOSO-2.pdf\">18.1 &#8211; PAS 2023 CAMPO FORMOSO 2<\/a><a href=\"http:\/\/campoformoso.ba.gov.br\/site\/wp-content\/uploads\/2024\/05\/18.1-PAS-2023-CAMPO-FORMOSO-2.pdf\" class=\"wp-block-file__button wp-element-button\" download aria-describedby=\"wp-block-file--media-a9ac90b4-977e-42c4-98e2-74a7cd53eb34\">Baixar<\/a><\/div>\n\n\n\n<div class=\"wp-block-file\"><a id=\"wp-block-file--media-92eb9dac-df93-43f7-95c2-deb1dc425eb5\" href=\"http:\/\/campoformoso.ba.gov.br\/site\/wp-content\/uploads\/2024\/05\/18.1-PAS-2022-CAMPO-FORMOSO-1.pdf\">18.1 &#8211; PAS 2022 CAMPO FORMOSO 1<\/a><a href=\"http:\/\/campoformoso.ba.gov.br\/site\/wp-content\/uploads\/2024\/05\/18.1-PAS-2022-CAMPO-FORMOSO-1.pdf\" class=\"wp-block-file__button wp-element-button\" download aria-describedby=\"wp-block-file--media-92eb9dac-df93-43f7-95c2-deb1dc425eb5\">Baixar<\/a><\/div>\n\n\n\n<p><\/p>\n\n\n\n<p>Plano Municipal de Sa\u00fade<\/p>\n\n\n\n<div class=\"wp-block-file\"><a id=\"wp-block-file--media-ee43f898-f02a-44d3-8396-a0b3fca1269f\" href=\"http:\/\/campoformoso.ba.gov.br\/site\/wp-content\/uploads\/2024\/05\/18.1-PMS-2022-A-2025-CAMPO-FORMOSO-00.pdf\">18.1 &#8211; PMS 2022 A 2025 CAMPO FORMOSO 00<\/a><a href=\"http:\/\/campoformoso.ba.gov.br\/site\/wp-content\/uploads\/2024\/05\/18.1-PMS-2022-A-2025-CAMPO-FORMOSO-00.pdf\" class=\"wp-block-file__button wp-element-button\" download aria-describedby=\"wp-block-file--media-ee43f898-f02a-44d3-8396-a0b3fca1269f\">Baixar<\/a><\/div>\n\n\n\n<div class=\"wp-block-file\"><a id=\"wp-block-file--media-158b38ae-563a-4e23-99f9-79c19cf5557a\" href=\"http:\/\/campoformoso.ba.gov.br\/site\/wp-content\/uploads\/2024\/05\/18.1-PMS-2018-2021-Campo-Formoso-Ba-0.pdf\">18.1 &#8211; PMS 2018-2021 Campo Formoso &#8211; Ba 0<\/a><a href=\"http:\/\/campoformoso.ba.gov.br\/site\/wp-content\/uploads\/2024\/05\/18.1-PMS-2018-2021-Campo-Formoso-Ba-0.pdf\" class=\"wp-block-file__button wp-element-button\" download aria-describedby=\"wp-block-file--media-158b38ae-563a-4e23-99f9-79c19cf5557a\">Baixar<\/a><\/div>\n\n\n\n<p><\/p>\n\n\n\n<p>Relat\u00f3rio Anual<\/p>\n\n\n\n<div class=\"wp-block-file\"><a id=\"wp-block-file--media-36d08b1f-722a-4f17-8309-409059445080\" href=\"http:\/\/campoformoso.ba.gov.br\/site\/wp-content\/uploads\/2024\/05\/18.1-RAG-2023-CAMPO-FORMOSO-3.pdf\">18.1- RAG 2023 CAMPO FORMOSO 3<\/a><a href=\"http:\/\/campoformoso.ba.gov.br\/site\/wp-content\/uploads\/2024\/05\/18.1-RAG-2023-CAMPO-FORMOSO-3.pdf\" class=\"wp-block-file__button wp-element-button\" download aria-describedby=\"wp-block-file--media-36d08b1f-722a-4f17-8309-409059445080\">Baixar<\/a><\/div>\n\n\n\n<div class=\"wp-block-file\"><a id=\"wp-block-file--media-d0ffe501-7d8b-49fe-a1d4-c1b6c7f73712\" href=\"http:\/\/campoformoso.ba.gov.br\/site\/wp-content\/uploads\/2024\/05\/18.1-RAG-2022-CAMPOR-FORMOSO-2.pdf\">18.1 &#8211; RAG 2022 CAMPOR FORMOSO 2<\/a><a href=\"http:\/\/campoformoso.ba.gov.br\/site\/wp-content\/uploads\/2024\/05\/18.1-RAG-2022-CAMPOR-FORMOSO-2.pdf\" class=\"wp-block-file__button wp-element-button\" download aria-describedby=\"wp-block-file--media-d0ffe501-7d8b-49fe-a1d4-c1b6c7f73712\">Baixar<\/a><\/div>\n\n\n\n<div class=\"wp-block-file\"><a id=\"wp-block-file--media-762b6609-9bf7-4190-8cd9-60bd9c520bfd\" href=\"http:\/\/campoformoso.ba.gov.br\/site\/wp-content\/uploads\/2024\/05\/18.1-RAG-2021-CAMPO-FORMOSO-1.pdf\">18.1 &#8211; RAG 2021 CAMPO FORMOSO 1<\/a><a href=\"http:\/\/campoformoso.ba.gov.br\/site\/wp-content\/uploads\/2024\/05\/18.1-RAG-2021-CAMPO-FORMOSO-1.pdf\" class=\"wp-block-file__button wp-element-button\" download aria-describedby=\"wp-block-file--media-762b6609-9bf7-4190-8cd9-60bd9c520bfd\">Baixar<\/a><\/div>\n\n\n\n<p><\/p>\n\n\n\n<p>Unidades de Sa\u00fade<\/p>\n\n\n\n<div class=\"wp-block-file\"><a id=\"wp-block-file--media-dcb02553-3f1e-426b-b51c-b6a0a9913195\" href=\"http:\/\/campoformoso.ba.gov.br\/site\/wp-content\/uploads\/2024\/05\/18.2-SERVICOS-DE-SAUDE-PORTAL-DA-TRANSPARENCIA.pdf\">18.2 &#8211; SERVI\u00c7OS DE SA\u00daDE &#8211; PORTAL DA TRANSPARENCIA<\/a><a href=\"http:\/\/campoformoso.ba.gov.br\/site\/wp-content\/uploads\/2024\/05\/18.2-SERVICOS-DE-SAUDE-PORTAL-DA-TRANSPARENCIA.pdf\" class=\"wp-block-file__button wp-element-button\" download aria-describedby=\"wp-block-file--media-dcb02553-3f1e-426b-b51c-b6a0a9913195\">Baixar<\/a><\/div>\n\n\n\n<p><\/p>\n\n\n\n<p>Farm\u00e1cia &#8211; Medicamentos<\/p>\n\n\n\n<div class=\"wp-block-file\"><a id=\"wp-block-file--media-7ba8ccd2-4c0d-4349-89bc-0ebbb6223cb9\" href=\"http:\/\/campoformoso.ba.gov.br\/site\/wp-content\/uploads\/2024\/05\/18.3-MEDICAMENTOS-ALTO-CUSTO-PORTAL-DA-TRANSPARENCIA.pdf\">18.3 &#8211; MEDICAMENTOS ALTO CUSTO &#8211; PORTAL DA TRANSPAR\u00caNCIA<\/a><a href=\"http:\/\/campoformoso.ba.gov.br\/site\/wp-content\/uploads\/2024\/05\/18.3-MEDICAMENTOS-ALTO-CUSTO-PORTAL-DA-TRANSPARENCIA.pdf\" class=\"wp-block-file__button wp-element-button\" download aria-describedby=\"wp-block-file--media-7ba8ccd2-4c0d-4349-89bc-0ebbb6223cb9\">Baixar<\/a><\/div>\n","protected":false},"excerpt":{"rendered":"<p>Plano Anual de Sa\u00fade Plano Municipal de Sa\u00fade Relat\u00f3rio Anual Unidades de Sa\u00fade Farm\u00e1cia &#8211; Medicamentos<\/p>\n","protected":false},"author":1,"featured_media":0,"parent":426,"menu_order":0,"comment_status":"closed","ping_status":"closed","template":"","meta":{"_acf_changed":false,"cybocfi_hide_featured_image":"","footnotes":""},"class_list":["post-4596","page","type-page","status-publish","hentry"],"acf":[],"yoast_head":"<!-- This site is optimized with the Yoast SEO plugin v25.2 - https:\/\/yoast.com\/wordpress\/plugins\/seo\/ -->\n<title>Sa\u00fade - Prefeitura de Campo Formoso - Ba<\/title>\n<meta name=\"robots\" content=\"index, follow, max-snippet:-1, max-image-preview:large, max-video-preview:-1\" \/>\n<link rel=\"canonical\" href=\"http:\/\/campoformoso.ba.gov.br\/site\/transparencia\/saude\/\" \/>\n<meta property=\"og:locale\" content=\"pt_BR\" \/>\n<meta property=\"og:type\" content=\"article\" \/>\n<meta property=\"og:title\" content=\"Sa\u00fade - Prefeitura de Campo Formoso - Ba\" \/>\n<meta property=\"og:description\" content=\"Plano Anual de Sa\u00fade Plano Municipal de Sa\u00fade Relat\u00f3rio Anual Unidades de Sa\u00fade Farm\u00e1cia &#8211; Medicamentos\" \/>\n<meta property=\"og:url\" content=\"http:\/\/campoformoso.ba.gov.br\/site\/transparencia\/saude\/\" \/>\n<meta property=\"og:site_name\" content=\"Prefeitura de Campo Formoso - Ba\" \/>\n<meta property=\"article:publisher\" content=\"https:\/\/www.facebook.com\/prefcampoformoso\" \/>\n<meta property=\"article:modified_time\" content=\"2024-05-15T20:16:10+00:00\" \/>\n<meta name=\"twitter:card\" content=\"summary_large_image\" \/>\n<meta name=\"twitter:site\" content=\"@campoformosoba\" \/>\n<meta name=\"twitter:label1\" content=\"Est. tempo de leitura\" \/>\n\t<meta name=\"twitter:data1\" content=\"1 minuto\" \/>\n<script type=\"application\/ld+json\" class=\"yoast-schema-graph\">{\"@context\":\"https:\/\/schema.org\",\"@graph\":[{\"@type\":\"WebPage\",\"@id\":\"http:\/\/campoformoso.ba.gov.br\/site\/transparencia\/saude\/\",\"url\":\"http:\/\/campoformoso.ba.gov.br\/site\/transparencia\/saude\/\",\"name\":\"Sa\u00fade - Prefeitura de Campo Formoso - Ba\",\"isPartOf\":{\"@id\":\"http:\/\/campoformoso.ba.gov.br\/site\/#website\"},\"datePublished\":\"2024-05-15T19:55:09+00:00\",\"dateModified\":\"2024-05-15T20:16:10+00:00\",\"breadcrumb\":{\"@id\":\"http:\/\/campoformoso.ba.gov.br\/site\/transparencia\/saude\/#breadcrumb\"},\"inLanguage\":\"pt-BR\",\"potentialAction\":[{\"@type\":\"ReadAction\",\"target\":[\"http:\/\/campoformoso.ba.gov.br\/site\/transparencia\/saude\/\"]}]},{\"@type\":\"BreadcrumbList\",\"@id\":\"http:\/\/campoformoso.ba.gov.br\/site\/transparencia\/saude\/#breadcrumb\",\"itemListElement\":[{\"@type\":\"ListItem\",\"position\":1,\"name\":\"In\u00edcio\",\"item\":\"http:\/\/campoformoso.ba.gov.br\/site\/\"},{\"@type\":\"ListItem\",\"position\":2,\"name\":\"Transpar\u00eancia\",\"item\":\"http:\/\/campoformoso.ba.gov.br\/site\/transparencia\/\"},{\"@type\":\"ListItem\",\"position\":3,\"name\":\"Sa\u00fade\"}]},{\"@type\":\"WebSite\",\"@id\":\"http:\/\/campoformoso.ba.gov.br\/site\/#website\",\"url\":\"http:\/\/campoformoso.ba.gov.br\/site\/\",\"name\":\"Prefeitura de Campo Formoso - Ba\",\"description\":\"Seja bem vindo ao portal da Prefeitura de Campo Formoso - Ba. Acompanhe a nova hist\u00f3ria da cidade das esmeraldas!\",\"publisher\":{\"@id\":\"http:\/\/campoformoso.ba.gov.br\/site\/#organization\"},\"potentialAction\":[{\"@type\":\"SearchAction\",\"target\":{\"@type\":\"EntryPoint\",\"urlTemplate\":\"http:\/\/campoformoso.ba.gov.br\/site\/?s={search_term_string}\"},\"query-input\":{\"@type\":\"PropertyValueSpecification\",\"valueRequired\":true,\"valueName\":\"search_term_string\"}}],\"inLanguage\":\"pt-BR\"},{\"@type\":\"Organization\",\"@id\":\"http:\/\/campoformoso.ba.gov.br\/site\/#organization\",\"name\":\"Prefeitura de Campo Formoso\",\"url\":\"http:\/\/campoformoso.ba.gov.br\/site\/\",\"logo\":{\"@type\":\"ImageObject\",\"inLanguage\":\"pt-BR\",\"@id\":\"http:\/\/campoformoso.ba.gov.br\/site\/#\/schema\/logo\/image\/\",\"url\":\"http:\/\/pmcf.local\/wp-content\/uploads\/2022\/08\/favicon.png\",\"contentUrl\":\"http:\/\/pmcf.local\/wp-content\/uploads\/2022\/08\/favicon.png\",\"width\":273,\"height\":335,\"caption\":\"Prefeitura de Campo Formoso\"},\"image\":{\"@id\":\"http:\/\/campoformoso.ba.gov.br\/site\/#\/schema\/logo\/image\/\"},\"sameAs\":[\"https:\/\/www.facebook.com\/prefcampoformoso\",\"https:\/\/x.com\/campoformosoba\",\"https:\/\/www.instagram.com\/\",\"https:\/\/www.youtube.com\/c\/PrefeituradeCampoFormosoBA\"]}]}<\/script>\n<!-- \/ Yoast SEO plugin. -->","yoast_head_json":{"title":"Sa\u00fade - Prefeitura de Campo Formoso - Ba","robots":{"index":"index","follow":"follow","max-snippet":"max-snippet:-1","max-image-preview":"max-image-preview:large","max-video-preview":"max-video-preview:-1"},"canonical":"http:\/\/campoformoso.ba.gov.br\/site\/transparencia\/saude\/","og_locale":"pt_BR","og_type":"article","og_title":"Sa\u00fade - Prefeitura de Campo Formoso - Ba","og_description":"Plano Anual de Sa\u00fade Plano Municipal de Sa\u00fade Relat\u00f3rio Anual Unidades de Sa\u00fade Farm\u00e1cia &#8211; Medicamentos","og_url":"http:\/\/campoformoso.ba.gov.br\/site\/transparencia\/saude\/","og_site_name":"Prefeitura de Campo Formoso - Ba","article_publisher":"https:\/\/www.facebook.com\/prefcampoformoso","article_modified_time":"2024-05-15T20:16:10+00:00","twitter_card":"summary_large_image","twitter_site":"@campoformosoba","twitter_misc":{"Est. tempo de leitura":"1 minuto"},"schema":{"@context":"https:\/\/schema.org","@graph":[{"@type":"WebPage","@id":"http:\/\/campoformoso.ba.gov.br\/site\/transparencia\/saude\/","url":"http:\/\/campoformoso.ba.gov.br\/site\/transparencia\/saude\/","name":"Sa\u00fade - Prefeitura de Campo Formoso - Ba","isPartOf":{"@id":"http:\/\/campoformoso.ba.gov.br\/site\/#website"},"datePublished":"2024-05-15T19:55:09+00:00","dateModified":"2024-05-15T20:16:10+00:00","breadcrumb":{"@id":"http:\/\/campoformoso.ba.gov.br\/site\/transparencia\/saude\/#breadcrumb"},"inLanguage":"pt-BR","potentialAction":[{"@type":"ReadAction","target":["http:\/\/campoformoso.ba.gov.br\/site\/transparencia\/saude\/"]}]},{"@type":"BreadcrumbList","@id":"http:\/\/campoformoso.ba.gov.br\/site\/transparencia\/saude\/#breadcrumb","itemListElement":[{"@type":"ListItem","position":1,"name":"In\u00edcio","item":"http:\/\/campoformoso.ba.gov.br\/site\/"},{"@type":"ListItem","position":2,"name":"Transpar\u00eancia","item":"http:\/\/campoformoso.ba.gov.br\/site\/transparencia\/"},{"@type":"ListItem","position":3,"name":"Sa\u00fade"}]},{"@type":"WebSite","@id":"http:\/\/campoformoso.ba.gov.br\/site\/#website","url":"http:\/\/campoformoso.ba.gov.br\/site\/","name":"Prefeitura de Campo Formoso - Ba","description":"Seja bem vindo ao portal da Prefeitura de Campo Formoso - Ba. Acompanhe a nova hist\u00f3ria da cidade das esmeraldas!","publisher":{"@id":"http:\/\/campoformoso.ba.gov.br\/site\/#organization"},"potentialAction":[{"@type":"SearchAction","target":{"@type":"EntryPoint","urlTemplate":"http:\/\/campoformoso.ba.gov.br\/site\/?s={search_term_string}"},"query-input":{"@type":"PropertyValueSpecification","valueRequired":true,"valueName":"search_term_string"}}],"inLanguage":"pt-BR"},{"@type":"Organization","@id":"http:\/\/campoformoso.ba.gov.br\/site\/#organization","name":"Prefeitura de Campo Formoso","url":"http:\/\/campoformoso.ba.gov.br\/site\/","logo":{"@type":"ImageObject","inLanguage":"pt-BR","@id":"http:\/\/campoformoso.ba.gov.br\/site\/#\/schema\/logo\/image\/","url":"http:\/\/pmcf.local\/wp-content\/uploads\/2022\/08\/favicon.png","contentUrl":"http:\/\/pmcf.local\/wp-content\/uploads\/2022\/08\/favicon.png","width":273,"height":335,"caption":"Prefeitura de Campo Formoso"},"image":{"@id":"http:\/\/campoformoso.ba.gov.br\/site\/#\/schema\/logo\/image\/"},"sameAs":["https:\/\/www.facebook.com\/prefcampoformoso","https:\/\/x.com\/campoformosoba","https:\/\/www.instagram.com\/","https:\/\/www.youtube.com\/c\/PrefeituradeCampoFormosoBA"]}]}},"_links":{"self":[{"href":"http:\/\/campoformoso.ba.gov.br\/site\/wp-json\/wp\/v2\/pages\/4596","targetHints":{"allow":["GET"]}}],"collection":[{"href":"http:\/\/campoformoso.ba.gov.br\/site\/wp-json\/wp\/v2\/pages"}],"about":[{"href":"http:\/\/campoformoso.ba.gov.br\/site\/wp-json\/wp\/v2\/types\/page"}],"author":[{"embeddable":true,"href":"http:\/\/campoformoso.ba.gov.br\/site\/wp-json\/wp\/v2\/users\/1"}],"replies":[{"embeddable":true,"href":"http:\/\/campoformoso.ba.gov.br\/site\/wp-json\/wp\/v2\/comments?post=4596"}],"version-history":[{"count":2,"href":"http:\/\/campoformoso.ba.gov.br\/site\/wp-json\/wp\/v2\/pages\/4596\/revisions"}],"predecessor-version":[{"id":4609,"href":"http:\/\/campoformoso.ba.gov.br\/site\/wp-json\/wp\/v2\/pages\/4596\/revisions\/4609"}],"up":[{"embeddable":true,"href":"http:\/\/campoformoso.ba.gov.br\/site\/wp-json\/wp\/v2\/pages\/426"}],"wp:attachment":[{"href":"http:\/\/campoformoso.ba.gov.br\/site\/wp-json\/wp\/v2\/media?parent=4596"}],"curies":[{"name":"wp","href":"https:\/\/api.w.org\/{rel}","templated":true}]}}